{"id":1207,"date":"2021-07-30T10:18:25","date_gmt":"2021-07-30T10:18:25","guid":{"rendered":"https:\/\/aluguelnotebooks.com.br\/index.php\/about-us\/"},"modified":"2023-05-28T09:32:44","modified_gmt":"2023-05-28T12:32:44","slug":"about-us","status":"publish","type":"page","link":"https:\/\/aluguelnotebooks.com.br\/index.php\/about-us\/","title":{"rendered":"Quem somos"},"content":{"rendered":"\t\t<div data-elementor-type=\"wp-page\" data-elementor-id=\"1207\" class=\"elementor elementor-1207\">\n\t\t\t\t\t\t\t\t\t<section class=\"elementor-section elementor-top-section elementor-element elementor-element-54795f1 elementor-section-boxed elementor-section-height-default elementor-section-height-default\" data-id=\"54795f1\" data-element_type=\"section\" data-settings=\"{&quot;background_background&quot;:&quot;classic&quot;}\">\n\t\t\t\t\t\t\t<div class=\"elementor-background-overlay\"><\/div>\n\t\t\t\t\t\t\t<div class=\"elementor-container elementor-column-gap-default\">\n\t\t\t\t\t<div class=\"elementor-column elementor-col-66 elementor-top-column elementor-element elementor-element-15ae8b7\" data-id=\"15ae8b7\" data-element_type=\"column\">\n\t\t\t<div class=\"elementor-widget-wrap elementor-element-populated\">\n\t\t\t\t\t\t\t\t<div class=\"elementor-element elementor-element-6e33485 elementor-invisible elementor-widget elementor-widget-heading\" data-id=\"6e33485\" data-element_type=\"widget\" data-settings=\"{&quot;_animation&quot;:&quot;fadeIn&quot;}\" data-widget_type=\"heading.default\">\n\t\t\t\t<div class=\"elementor-widget-container\">\n\t\t\t<style>\/*! elementor - v3.13.3 - 28-05-2023 *\/\n.elementor-heading-title{padding:0;margin:0;line-height:1}.elementor-widget-heading .elementor-heading-title[class*=elementor-size-]>a{color:inherit;font-size:inherit;line-height:inherit}.elementor-widget-heading .elementor-heading-title.elementor-size-small{font-size:15px}.elementor-widget-heading .elementor-heading-title.elementor-size-medium{font-size:19px}.elementor-widget-heading .elementor-heading-title.elementor-size-large{font-size:29px}.elementor-widget-heading .elementor-heading-title.elementor-size-xl{font-size:39px}.elementor-widget-heading .elementor-heading-title.elementor-size-xxl{font-size:59px}<\/style><h1 class=\"elementor-heading-title elementor-size-default\">Quem somos?<\/h1>\t\t<\/div>\n\t\t\t\t<\/div>\n\t\t\t\t<div class=\"elementor-element elementor-element-bb1c198 elementor-invisible elementor-widget elementor-widget-text-editor\" data-id=\"bb1c198\" data-element_type=\"widget\" data-settings=\"{&quot;_animation&quot;:&quot;fadeIn&quot;}\" data-widget_type=\"text-editor.default\">\n\t\t\t\t<div class=\"elementor-widget-container\">\n\t\t\t<style>\/*! elementor - v3.13.3 - 28-05-2023 *\/\n.elementor-widget-text-editor.elementor-drop-cap-view-stacked .elementor-drop-cap{background-color:#69727d;color:#fff}.elementor-widget-text-editor.elementor-drop-cap-view-framed .elementor-drop-cap{color:#69727d;border:3px solid;background-color:transparent}.elementor-widget-text-editor:not(.elementor-drop-cap-view-default) .elementor-drop-cap{margin-top:8px}.elementor-widget-text-editor:not(.elementor-drop-cap-view-default) .elementor-drop-cap-letter{width:1em;height:1em}.elementor-widget-text-editor .elementor-drop-cap{float:left;text-align:center;line-height:1;font-size:50px}.elementor-widget-text-editor .elementor-drop-cap-letter{display:inline-block}<\/style>\t\t\t\t<p><strong>\u00c1TRIO TI<\/strong> &#8211; Parceira de sua empresa em tecnologia<\/p>\t\t\t\t\t\t<\/div>\n\t\t\t\t<\/div>\n\t\t\t\t\t<\/div>\n\t\t<\/div>\n\t\t\t\t<div class=\"elementor-column elementor-col-33 elementor-top-column elementor-element elementor-element-df6afa1\" data-id=\"df6afa1\" data-element_type=\"column\">\n\t\t\t<div class=\"elementor-widget-wrap\">\n\t\t\t\t\t\t\t\t\t<\/div>\n\t\t<\/div>\n\t\t\t\t\t\t\t<\/div>\n\t\t<\/section>\n\t\t\t\t<section class=\"elementor-section elementor-top-section elementor-element elementor-element-5a14f182 elementor-section-boxed elementor-section-height-default elementor-section-height-default\" data-id=\"5a14f182\" data-element_type=\"section\">\n\t\t\t\t\t\t<div class=\"elementor-container elementor-column-gap-default\">\n\t\t\t\t\t<div class=\"elementor-column elementor-col-33 elementor-top-column elementor-element elementor-element-631bf57d\" data-id=\"631bf57d\" data-element_type=\"column\">\n\t\t\t<div class=\"elementor-widget-wrap elementor-element-populated\">\n\t\t\t\t\t\t\t\t<div class=\"elementor-element elementor-element-279a0fa1 elementor-invisible elementor-widget elementor-widget-heading\" data-id=\"279a0fa1\" data-element_type=\"widget\" data-settings=\"{&quot;_animation&quot;:&quot;fadeIn&quot;}\" data-widget_type=\"heading.default\">\n\t\t\t\t<div class=\"elementor-widget-container\">\n\t\t\t<h2 class=\"elementor-heading-title elementor-size-default\">O que fazemos<\/h2>\t\t<\/div>\n\t\t\t\t<\/div>\n\t\t\t\t\t<\/div>\n\t\t<\/div>\n\t\t\t\t<div class=\"elementor-column elementor-col-66 elementor-top-column elementor-element elementor-element-600e867b\" data-id=\"600e867b\" data-element_type=\"column\">\n\t\t\t<div class=\"elementor-widget-wrap elementor-element-populated\">\n\t\t\t\t\t\t\t\t<div class=\"elementor-element elementor-element-bc253c6 elementor-invisible elementor-widget elementor-widget-text-editor\" data-id=\"bc253c6\" data-element_type=\"widget\" data-settings=\"{&quot;_animation&quot;:&quot;fadeIn&quot;}\" data-widget_type=\"text-editor.default\">\n\t\t\t\t<div class=\"elementor-widget-container\">\n\t\t\t\t\t\t\t<p>Fundada em 2012, a \u00c1TRIO TI \u00e9 uma empresa especializada na comercializa\u00e7\u00e3o e implementa\u00e7\u00e3o de solu\u00e7\u00f5es avan\u00e7adas de infraestrutura de TI, seguran\u00e7a, automa\u00e7\u00e3o de processos, integra\u00e7\u00e3o de sistemas e middleware.<\/p><p>Por meio de parcerias estrat\u00e9gicas com l\u00edderes de mercado, tais como Red Hat, VMware, CommVault, SentinelOne e NetApp, nossa empresa oferece aos clientes uma ampla gama de produtos e servi\u00e7os altamente confi\u00e1veis nas \u00e1reas de infraestrutura, middleware, servidores otimizados, storages de alto desempenho, solu\u00e7\u00f5es de virtualiza\u00e7\u00e3o, monitoramento e seguran\u00e7a s\u00e3o apenas alguns exemplos do rico portf\u00f3lio que disponibilizamos.<\/p><p>Nosso compromisso vai al\u00e9m de simplesmente fornecer produtos. Buscamos entender profundamente as necessidades de cada cliente, a fim de oferecer solu\u00e7\u00f5es personalizadas que atendam de forma eficaz e eficiente \u00e0s demandas espec\u00edficas de seu neg\u00f3cio. Trabalhamos lado a lado com nossos clientes, construindo relacionamentos duradouros baseados na confian\u00e7a m\u00fatua e no sucesso compartilhado.<span style=\"background-color: var(--background-color); color: var(--primarycolor); font-family: var(--fontFamily); font-style: var(--fontStyle,inherit); font-weight: var(--fontWeight,normal); letter-spacing: var(--letterSpacing); text-transform: var(--textTransform);\">.<\/span><\/p>\t\t\t\t\t\t<\/div>\n\t\t\t\t<\/div>\n\t\t\t\t\t<\/div>\n\t\t<\/div>\n\t\t\t\t\t\t\t<\/div>\n\t\t<\/section>\n\t\t\t\t<section class=\"elementor-section elementor-top-section elementor-element elementor-element-1295eb3f elementor-section-stretched elementor-section-boxed elementor-section-height-default elementor-section-height-default\" data-id=\"1295eb3f\" data-element_type=\"section\" data-settings=\"{&quot;stretch_section&quot;:&quot;section-stretched&quot;,&quot;background_background&quot;:&quot;classic&quot;}\">\n\t\t\t\t\t\t<div class=\"elementor-container elementor-column-gap-default\">\n\t\t\t\t\t<div class=\"elementor-column elementor-col-16 elementor-top-column elementor-element elementor-element-19501e6f\" data-id=\"19501e6f\" data-element_type=\"column\">\n\t\t\t<div class=\"elementor-widget-wrap elementor-element-populated\">\n\t\t\t\t\t\t\t\t<div class=\"elementor-element elementor-element-65defce elementor-widget elementor-widget-heading\" data-id=\"65defce\" data-element_type=\"widget\" data-widget_type=\"heading.default\">\n\t\t\t\t<div class=\"elementor-widget-container\">\n\t\t\t<div class=\"elementor-heading-title elementor-size-default\">Nossos parceiros<\/div>\t\t<\/div>\n\t\t\t\t<\/div>\n\t\t\t\t\t<\/div>\n\t\t<\/div>\n\t\t\t\t<div class=\"elementor-column elementor-col-16 elementor-top-column elementor-element elementor-element-4b67230c\" data-id=\"4b67230c\" data-element_type=\"column\">\n\t\t\t<div class=\"elementor-widget-wrap elementor-element-populated\">\n\t\t\t\t\t\t\t\t<div class=\"elementor-element elementor-element-486aeb5e elementor-widget elementor-widget-image\" data-id=\"486aeb5e\" data-element_type=\"widget\" data-widget_type=\"image.default\">\n\t\t\t\t<div class=\"elementor-widget-container\">\n\t\t\t<style>\/*! elementor - v3.13.3 - 28-05-2023 *\/\n.elementor-widget-image{text-align:center}.elementor-widget-image a{display:inline-block}.elementor-widget-image a img[src$=\".svg\"]{width:48px}.elementor-widget-image img{vertical-align:middle;display:inline-block}<\/style>\t\t\t\t\t\t\t\t\t\t\t\t\t<a href=\"#\">\n\t\t\t\t\t\t\t<img decoding=\"async\" width=\"750\" height=\"177\" src=\"https:\/\/aluguelnotebooks.com.br\/wp-content\/uploads\/2023\/05\/Logo-RedHat-A-Black-RGB-1024x242.png\" class=\"elementor-animation-grow attachment-large size-large wp-image-5215\" alt=\"\" srcset=\"https:\/\/aluguelnotebooks.com.br\/wp-content\/uploads\/2023\/05\/Logo-RedHat-A-Black-RGB-1024x242.png 1024w, https:\/\/aluguelnotebooks.com.br\/wp-content\/uploads\/2023\/05\/Logo-RedHat-A-Black-RGB-300x71.png 300w, https:\/\/aluguelnotebooks.com.br\/wp-content\/uploads\/2023\/05\/Logo-RedHat-A-Black-RGB-768x182.png 768w, https:\/\/aluguelnotebooks.com.br\/wp-content\/uploads\/2023\/05\/Logo-RedHat-A-Black-RGB-e1685206054517.png 220w\" sizes=\"(max-width: 750px) 100vw, 750px\" \/>\t\t\t\t\t\t\t\t<\/a>\n\t\t\t\t\t\t\t\t\t\t\t\t\t\t\t<\/div>\n\t\t\t\t<\/div>\n\t\t\t\t\t<\/div>\n\t\t<\/div>\n\t\t\t\t<div class=\"elementor-column elementor-col-16 elementor-top-column elementor-element elementor-element-e06d58\" data-id=\"e06d58\" data-element_type=\"column\">\n\t\t\t<div class=\"elementor-widget-wrap elementor-element-populated\">\n\t\t\t\t\t\t\t\t<div class=\"elementor-element elementor-element-4a9c41f5 elementor-widget elementor-widget-image\" data-id=\"4a9c41f5\" data-element_type=\"widget\" data-widget_type=\"image.default\">\n\t\t\t\t<div class=\"elementor-widget-container\">\n\t\t\t\t\t\t\t\t\t\t\t\t\t\t\t\t<a href=\"#\">\n\t\t\t\t\t\t\t<img decoding=\"async\" width=\"300\" height=\"46\" src=\"https:\/\/aluguelnotebooks.com.br\/wp-content\/uploads\/2023\/05\/VMware-Cinza-Fundo-Transparente-SITES-1-300x46.png\" class=\"elementor-animation-grow attachment-medium size-medium wp-image-5235\" alt=\"\" srcset=\"https:\/\/aluguelnotebooks.com.br\/wp-content\/uploads\/2023\/05\/VMware-Cinza-Fundo-Transparente-SITES-1-300x46.png 300w, https:\/\/aluguelnotebooks.com.br\/wp-content\/uploads\/2023\/05\/VMware-Cinza-Fundo-Transparente-SITES-1-1024x155.png 1024w, https:\/\/aluguelnotebooks.com.br\/wp-content\/uploads\/2023\/05\/VMware-Cinza-Fundo-Transparente-SITES-1-768x117.png 768w, https:\/\/aluguelnotebooks.com.br\/wp-content\/uploads\/2023\/05\/VMware-Cinza-Fundo-Transparente-SITES-1-e1685206069361.png 220w\" sizes=\"(max-width: 300px) 100vw, 300px\" \/>\t\t\t\t\t\t\t\t<\/a>\n\t\t\t\t\t\t\t\t\t\t\t\t\t\t\t<\/div>\n\t\t\t\t<\/div>\n\t\t\t\t\t<\/div>\n\t\t<\/div>\n\t\t\t\t<div class=\"elementor-column elementor-col-16 elementor-top-column elementor-element elementor-element-2f71dcd8\" data-id=\"2f71dcd8\" data-element_type=\"column\">\n\t\t\t<div class=\"elementor-widget-wrap elementor-element-populated\">\n\t\t\t\t\t\t\t\t<div class=\"elementor-element elementor-element-278caf93 elementor-widget elementor-widget-image\" data-id=\"278caf93\" data-element_type=\"widget\" data-widget_type=\"image.default\">\n\t\t\t\t<div class=\"elementor-widget-container\">\n\t\t\t\t\t\t\t\t\t\t\t\t\t\t\t\t<a href=\"#\">\n\t\t\t\t\t\t\t<img decoding=\"async\" width=\"677\" height=\"120\" src=\"https:\/\/aluguelnotebooks.com.br\/wp-content\/uploads\/2023\/05\/logo-commvault-preto.png\" class=\"elementor-animation-grow attachment-full size-full wp-image-5820\" alt=\"\" srcset=\"https:\/\/aluguelnotebooks.com.br\/wp-content\/uploads\/2023\/05\/logo-commvault-preto.png 677w, https:\/\/aluguelnotebooks.com.br\/wp-content\/uploads\/2023\/05\/logo-commvault-preto-300x53.png 300w\" sizes=\"(max-width: 677px) 100vw, 677px\" \/>\t\t\t\t\t\t\t\t<\/a>\n\t\t\t\t\t\t\t\t\t\t\t\t\t\t\t<\/div>\n\t\t\t\t<\/div>\n\t\t\t\t\t<\/div>\n\t\t<\/div>\n\t\t\t\t<div class=\"elementor-column elementor-col-16 elementor-top-column elementor-element elementor-element-754559fb\" data-id=\"754559fb\" data-element_type=\"column\">\n\t\t\t<div class=\"elementor-widget-wrap elementor-element-populated\">\n\t\t\t\t\t\t\t\t<div class=\"elementor-element elementor-element-1f1cda19 elementor-widget elementor-widget-image\" data-id=\"1f1cda19\" data-element_type=\"widget\" data-widget_type=\"image.default\">\n\t\t\t\t<div class=\"elementor-widget-container\">\n\t\t\t\t\t\t\t\t\t\t\t\t\t\t\t\t<a href=\"#\">\n\t\t\t\t\t\t\t<img decoding=\"async\" width=\"245\" height=\"49\" src=\"https:\/\/aluguelnotebooks.com.br\/wp-content\/uploads\/2023\/05\/SentinelOne-Logo-letra-preta-fundo-transp-SITES.png\" class=\"elementor-animation-grow attachment-large size-large wp-image-5824\" alt=\"\" \/>\t\t\t\t\t\t\t\t<\/a>\n\t\t\t\t\t\t\t\t\t\t\t\t\t\t\t<\/div>\n\t\t\t\t<\/div>\n\t\t\t\t\t<\/div>\n\t\t<\/div>\n\t\t\t\t<div class=\"elementor-column elementor-col-16 elementor-top-column elementor-element elementor-element-510c4ca8\" data-id=\"510c4ca8\" data-element_type=\"column\">\n\t\t\t<div class=\"elementor-widget-wrap elementor-element-populated\">\n\t\t\t\t\t\t\t\t<div class=\"elementor-element elementor-element-9480f09 elementor-widget elementor-widget-image\" data-id=\"9480f09\" data-element_type=\"widget\" data-widget_type=\"image.default\">\n\t\t\t\t<div class=\"elementor-widget-container\">\n\t\t\t\t\t\t\t\t\t\t\t\t\t\t\t\t<a href=\"#\">\n\t\t\t\t\t\t\t<img decoding=\"async\" width=\"220\" height=\"40\" src=\"https:\/\/aluguelnotebooks.com.br\/wp-content\/uploads\/2023\/05\/Logo-NetApp-fundo-transparente-SITES-e1685206260440.png\" class=\"elementor-animation-grow attachment-large size-large wp-image-5254\" alt=\"\" \/>\t\t\t\t\t\t\t\t<\/a>\n\t\t\t\t\t\t\t\t\t\t\t\t\t\t\t<\/div>\n\t\t\t\t<\/div>\n\t\t\t\t\t<\/div>\n\t\t<\/div>\n\t\t\t\t\t\t\t<\/div>\n\t\t<\/section>\n\t\t\t\t<section class=\"elementor-section elementor-top-section elementor-element elementor-element-b335f2d elementor-section-boxed elementor-section-height-default elementor-section-height-default\" data-id=\"b335f2d\" data-element_type=\"section\" data-settings=\"{&quot;background_background&quot;:&quot;classic&quot;}\">\n\t\t\t\t\t\t<div class=\"elementor-container elementor-column-gap-default\">\n\t\t\t\t\t<div class=\"elementor-column elementor-col-33 elementor-top-column elementor-element elementor-element-0335d9f\" data-id=\"0335d9f\" data-element_type=\"column\">\n\t\t\t<div class=\"elementor-widget-wrap elementor-element-populated\">\n\t\t\t\t\t\t\t\t<div class=\"elementor-element elementor-element-70c0538 elementor-invisible elementor-widget elementor-widget-heading\" data-id=\"70c0538\" data-element_type=\"widget\" data-settings=\"{&quot;_animation&quot;:&quot;fadeIn&quot;}\" data-widget_type=\"heading.default\">\n\t\t\t\t<div class=\"elementor-widget-container\">\n\t\t\t<h2 class=\"elementor-heading-title elementor-size-default\">Atualiza\u00e7\u00e3o constante<\/h2>\t\t<\/div>\n\t\t\t\t<\/div>\n\t\t\t\t\t<\/div>\n\t\t<\/div>\n\t\t\t\t<div class=\"elementor-column elementor-col-66 elementor-top-column elementor-element elementor-element-96fbf3c\" data-id=\"96fbf3c\" data-element_type=\"column\">\n\t\t\t<div class=\"elementor-widget-wrap elementor-element-populated\">\n\t\t\t\t\t\t\t\t<div class=\"elementor-element elementor-element-664e910 elementor-invisible elementor-widget elementor-widget-text-editor\" data-id=\"664e910\" data-element_type=\"widget\" data-settings=\"{&quot;_animation&quot;:&quot;fadeIn&quot;}\" data-widget_type=\"text-editor.default\">\n\t\t\t\t<div class=\"elementor-widget-container\">\n\t\t\t\t\t\t\t<p>A <a href=\"https:\/\/www.atrioti.com.br\" target=\"_blank\" rel=\"noopener\"><b>\u00c1TRIO TI<\/b><\/a> \u00e9 uma empresa experiente no mercado de tecnologia da informa\u00e7\u00e3o. N\u00f3s nos orgulhamos em oferecer solu\u00e7\u00f5es inovadoras e de alta qualidade para atender \u00e0s necessidades do seu neg\u00f3cio.<\/p><p>Estamos constantemente atualizados com as tend\u00eancias e inova\u00e7\u00f5es do setor de TI, o que nos permite oferecer solu\u00e7\u00f5es de vanguarda e agregar valor significativo aos projetos de nossos clientes.<\/p><p>Se voc\u00ea busca uma parceria s\u00f3lida e confi\u00e1vel, capaz de impulsionar a transforma\u00e7\u00e3o digital e maximizar o desempenho de sua infraestrutura de TI, a \u00c1TRIO TI \u00e9 a escolha certa. Entre em contato conosco hoje mesmo e permita-nos demonstrar como podemos agregar valor ao seu neg\u00f3cio. Estamos ansiosos para ajud\u00e1-lo a alcan\u00e7ar o sucesso.<\/p>\t\t\t\t\t\t<\/div>\n\t\t\t\t<\/div>\n\t\t\t\t\t<\/div>\n\t\t<\/div>\n\t\t\t\t\t\t\t<\/div>\n\t\t<\/section>\n\t\t\t\t<section class=\"elementor-section elementor-top-section elementor-element elementor-element-18e5f98 elementor-section-boxed elementor-section-height-default elementor-section-height-default\" data-id=\"18e5f98\" data-element_type=\"section\" data-settings=\"{&quot;background_background&quot;:&quot;classic&quot;}\">\n\t\t\t\t\t\t<div class=\"elementor-container elementor-column-gap-default\">\n\t\t\t\t\t<div class=\"elementor-column elementor-col-100 elementor-top-column elementor-element elementor-element-aabb337\" data-id=\"aabb337\" data-element_type=\"column\">\n\t\t\t<div class=\"elementor-widget-wrap elementor-element-populated\">\n\t\t\t\t\t\t\t\t<section class=\"elementor-section elementor-inner-section elementor-element elementor-element-0c9bc11 elementor-section-boxed elementor-section-height-default elementor-section-height-default\" data-id=\"0c9bc11\" data-element_type=\"section\">\n\t\t\t\t\t\t<div class=\"elementor-container elementor-column-gap-default\">\n\t\t\t\t\t<div class=\"elementor-column elementor-col-50 elementor-inner-column elementor-element elementor-element-786d6a0\" data-id=\"786d6a0\" data-element_type=\"column\">\n\t\t\t<div class=\"elementor-widget-wrap elementor-element-populated\">\n\t\t\t\t\t\t\t\t<div class=\"elementor-element elementor-element-b2d5118 elementor-invisible elementor-widget elementor-widget-heading\" data-id=\"b2d5118\" data-element_type=\"widget\" data-settings=\"{&quot;_animation&quot;:&quot;fadeIn&quot;}\" data-widget_type=\"heading.default\">\n\t\t\t\t<div class=\"elementor-widget-container\">\n\t\t\t<h2 class=\"elementor-heading-title elementor-size-default\">Parceria \u00c1TRIO TI <br>&amp; FS Rental<\/h2>\t\t<\/div>\n\t\t\t\t<\/div>\n\t\t\t\t<div class=\"elementor-element elementor-element-ab93bb5 elementor-widget elementor-widget-spacer\" data-id=\"ab93bb5\" data-element_type=\"widget\" data-widget_type=\"spacer.default\">\n\t\t\t\t<div class=\"elementor-widget-container\">\n\t\t\t<style>\/*! elementor - v3.13.3 - 28-05-2023 *\/\n.elementor-column .elementor-spacer-inner{height:var(--spacer-size)}.e-con{--container-widget-width:100%}.e-con-inner>.elementor-widget-spacer,.e-con>.elementor-widget-spacer{width:var(--container-widget-width,var(--spacer-size));--align-self:var(--container-widget-align-self,initial);--flex-shrink:0}.e-con-inner>.elementor-widget-spacer>.elementor-widget-container,.e-con-inner>.elementor-widget-spacer>.elementor-widget-container>.elementor-spacer,.e-con>.elementor-widget-spacer>.elementor-widget-container,.e-con>.elementor-widget-spacer>.elementor-widget-container>.elementor-spacer{height:100%}.e-con-inner>.elementor-widget-spacer>.elementor-widget-container>.elementor-spacer>.elementor-spacer-inner,.e-con>.elementor-widget-spacer>.elementor-widget-container>.elementor-spacer>.elementor-spacer-inner{height:var(--container-widget-height,var(--spacer-size))}<\/style>\t\t<div class=\"elementor-spacer\">\n\t\t\t<div class=\"elementor-spacer-inner\"><\/div>\n\t\t<\/div>\n\t\t\t\t<\/div>\n\t\t\t\t<\/div>\n\t\t\t\t<div class=\"elementor-element elementor-element-aca2b89 elementor-widget__width-initial elementor-widget elementor-widget-text-editor\" data-id=\"aca2b89\" data-element_type=\"widget\" data-widget_type=\"text-editor.default\">\n\t\t\t\t<div class=\"elementor-widget-container\">\n\t\t\t\t\t\t\t<p>Trabalhando Juntas para Levar Tecnologia de Ponta at\u00e9 Voc\u00ea<\/p>\t\t\t\t\t\t<\/div>\n\t\t\t\t<\/div>\n\t\t\t\t<div class=\"elementor-element elementor-element-5e67f6b elementor-widget elementor-widget-spacer\" data-id=\"5e67f6b\" data-element_type=\"widget\" data-widget_type=\"spacer.default\">\n\t\t\t\t<div class=\"elementor-widget-container\">\n\t\t\t\t\t<div class=\"elementor-spacer\">\n\t\t\t<div class=\"elementor-spacer-inner\"><\/div>\n\t\t<\/div>\n\t\t\t\t<\/div>\n\t\t\t\t<\/div>\n\t\t\t\t<div class=\"elementor-element elementor-element-c31beb0 elementor-widget elementor-widget-image\" data-id=\"c31beb0\" data-element_type=\"widget\" data-widget_type=\"image.default\">\n\t\t\t\t<div class=\"elementor-widget-container\">\n\t\t\t\t\t\t\t\t\t\t\t\t\t\t\t<img decoding=\"async\" width=\"300\" height=\"72\" src=\"https:\/\/aluguelnotebooks.com.br\/wp-content\/uploads\/2021\/01\/Asset-21@4x-300x72.png\" class=\"attachment-medium size-medium wp-image-4356\" alt=\"\" srcset=\"https:\/\/aluguelnotebooks.com.br\/wp-content\/uploads\/2021\/01\/Asset-21@4x-300x72.png 300w, https:\/\/aluguelnotebooks.com.br\/wp-content\/uploads\/2021\/01\/Asset-21@4x-768x185.png 768w, https:\/\/aluguelnotebooks.com.br\/wp-content\/uploads\/2021\/01\/Asset-21@4x-e1684921761947.png 205w\" sizes=\"(max-width: 300px) 100vw, 300px\" \/>\t\t\t\t\t\t\t\t\t\t\t\t\t\t\t<\/div>\n\t\t\t\t<\/div>\n\t\t\t\t<div class=\"elementor-element elementor-element-884329e elementor-widget elementor-widget-spacer\" data-id=\"884329e\" data-element_type=\"widget\" data-widget_type=\"spacer.default\">\n\t\t\t\t<div class=\"elementor-widget-container\">\n\t\t\t\t\t<div class=\"elementor-spacer\">\n\t\t\t<div class=\"elementor-spacer-inner\"><\/div>\n\t\t<\/div>\n\t\t\t\t<\/div>\n\t\t\t\t<\/div>\n\t\t\t\t<div class=\"elementor-element elementor-element-be8df19 elementor-widget elementor-widget-image\" data-id=\"be8df19\" data-element_type=\"widget\" data-widget_type=\"image.default\">\n\t\t\t\t<div class=\"elementor-widget-container\">\n\t\t\t\t\t\t\t\t\t\t\t\t\t\t\t<img decoding=\"async\" width=\"300\" height=\"184\" src=\"https:\/\/aluguelnotebooks.com.br\/wp-content\/uploads\/2023\/05\/Logo-FS-Rental-300x184.png\" class=\"attachment-medium size-medium wp-image-4595\" alt=\"\" srcset=\"https:\/\/aluguelnotebooks.com.br\/wp-content\/uploads\/2023\/05\/Logo-FS-Rental-300x184.png 300w, https:\/\/aluguelnotebooks.com.br\/wp-content\/uploads\/2023\/05\/Logo-FS-Rental.png 620w\" sizes=\"(max-width: 300px) 100vw, 300px\" \/>\t\t\t\t\t\t\t\t\t\t\t\t\t\t\t<\/div>\n\t\t\t\t<\/div>\n\t\t\t\t\t<\/div>\n\t\t<\/div>\n\t\t\t\t<div class=\"elementor-column elementor-col-50 elementor-inner-column elementor-element elementor-element-6b4ea4b\" data-id=\"6b4ea4b\" data-element_type=\"column\">\n\t\t\t<div class=\"elementor-widget-wrap elementor-element-populated\">\n\t\t\t\t\t\t\t\t<div class=\"elementor-element elementor-element-a326621 elementor-invisible elementor-widget elementor-widget-text-editor\" data-id=\"a326621\" data-element_type=\"widget\" data-settings=\"{&quot;_animation&quot;:&quot;fadeIn&quot;}\" data-widget_type=\"text-editor.default\">\n\t\t\t\t<div class=\"elementor-widget-container\">\n\t\t\t\t\t\t\t<p>A parceria entre a \u00c1TRIO TI e a FS Rental nos permite oferecer uma ampla gama de solu\u00e7\u00f5es de loca\u00e7\u00e3o de equipamentos de TI para sua empresa. Desde notebooks, computadores e tablets at\u00e9 smartphones, pain\u00e9is de LED e dispositivos para automa\u00e7\u00e3o comercial, temos tudo o que voc\u00ea precisa para impulsionar sua produtividade e competitividade.<\/p><p>Com equipes altamente qualificadas, \u00c1TRIO TI &amp; FS Rental est\u00e3o prontas para atender \u00e0s suas demandas em tempo real, garantindo um acesso r\u00e1pido e eficiente aos equipamentos e servi\u00e7os de TI necess\u00e1rios. Nosso compromisso com a excel\u00eancia nos permite entregar produtos de \u00faltima gera\u00e7\u00e3o que atendem aos mais altos padr\u00f5es de qualidade e confiabilidade.<\/p><p>Na \u00c1TRIO TI, buscamos proporcionar a melhor experi\u00eancia em tecnologia da informa\u00e7\u00e3o para nossos clientes. Com nossa parceria com a FS Rental, estamos empenhados em superar suas expectativas, oferecendo solu\u00e7\u00f5es de TI personalizadas e servi\u00e7os de suporte excepcionais. Nosso objetivo \u00e9 ajudar sua empresa a prosperar, enquanto voc\u00ea se concentra no que \u00e9 mais importante.<\/p><p>Juntos, levaremos sua empresa ao pr\u00f3ximo n\u00edvel com tecnologia de ponta e servi\u00e7o excepcional.<\/p>\t\t\t\t\t\t<\/div>\n\t\t\t\t<\/div>\n\t\t\t\t<div class=\"elementor-element elementor-element-7861d2d elementor-widget elementor-widget-spacer\" data-id=\"7861d2d\" data-element_type=\"widget\" data-widget_type=\"spacer.default\">\n\t\t\t\t<div class=\"elementor-widget-container\">\n\t\t\t\t\t<div class=\"elementor-spacer\">\n\t\t\t<div class=\"elementor-spacer-inner\"><\/div>\n\t\t<\/div>\n\t\t\t\t<\/div>\n\t\t\t\t<\/div>\n\t\t\t\t\t<\/div>\n\t\t<\/div>\n\t\t\t\t\t\t\t<\/div>\n\t\t<\/section>\n\t\t\t\t\t<\/div>\n\t\t<\/div>\n\t\t\t\t\t\t\t<\/div>\n\t\t<\/section>\n\t\t\t\t\t\t\t<\/div>\n\t\t","protected":false},"excerpt":{"rendered":"<p>Quem somos? \u00c1TRIO TI &#8211; Parceira de sua empresa em tecnologia O que fazemos Fundada em 2012, a \u00c1TRIO TI [&hellip;]<\/p>\n","protected":false},"author":1,"featured_media":0,"parent":0,"menu_order":0,"comment_status":"closed","ping_status":"closed","template":"elementor_header_footer","meta":{"footnotes":""},"class_list":["post-1207","page","type-page","status-publish","hentry","rishi-post","no-post-thumbnail"],"rishi__cb_customizer_meta":"","_links":{"self":[{"href":"https:\/\/aluguelnotebooks.com.br\/index.php\/wp-json\/wp\/v2\/pages\/1207","targetHints":{"allow":["GET"]}}],"collection":[{"href":"https:\/\/aluguelnotebooks.com.br\/index.php\/wp-json\/wp\/v2\/pages"}],"about":[{"href":"https:\/\/aluguelnotebooks.com.br\/index.php\/wp-json\/wp\/v2\/types\/page"}],"author":[{"embeddable":true,"href":"https:\/\/aluguelnotebooks.com.br\/index.php\/wp-json\/wp\/v2\/users\/1"}],"replies":[{"embeddable":true,"href":"https:\/\/aluguelnotebooks.com.br\/index.php\/wp-json\/wp\/v2\/comments?post=1207"}],"version-history":[{"count":148,"href":"https:\/\/aluguelnotebooks.com.br\/index.php\/wp-json\/wp\/v2\/pages\/1207\/revisions"}],"predecessor-version":[{"id":6056,"href":"https:\/\/aluguelnotebooks.com.br\/index.php\/wp-json\/wp\/v2\/pages\/1207\/revisions\/6056"}],"wp:attachment":[{"href":"https:\/\/aluguelnotebooks.com.br\/index.php\/wp-json\/wp\/v2\/media?parent=1207"}],"curies":[{"name":"wp","href":"https:\/\/api.w.org\/{rel}","templated":true}]}}